{"id":325,"date":"2023-09-02T04:48:57","date_gmt":"2023-09-02T04:48:57","guid":{"rendered":"http:\/\/alfamontreal.ch\/wp\/?page_id=325"},"modified":"2023-09-02T04:53:31","modified_gmt":"2023-09-02T04:53:31","slug":"datenschutzerklaerung","status":"publish","type":"page","link":"https:\/\/alfamontreal.ch\/?page_id=325","title":{"rendered":"Datenschutzerkl\u00e4rung"},"content":{"rendered":"\n<p>Verantwortliche im Sinne der Datenschutzes (DSG) ist:<\/p>\n\n\n\n<p>Josef B\u00fcrgi<br>Gesch\u00e4ftsf\u00fchrer<br>Oberwilerstrasse 14, 8547 Gachnang<br>Tel.&nbsp;&nbsp;052 366 55 03<\/p>\n\n\n\n<p><a href=\"mailto:alfamontreal.ch\">info@alfamontreal.ch<\/a><\/p>\n\n\n\n<hr class=\"wp-block-separator has-alpha-channel-opacity\"\/>\n\n\n\n<p>1. Erhebung, Verarbeitung und Nutzung personenbezogener Daten<\/p>\n\n\n\n<p>Bei einem Besuch dieser Website erheben wir keine personenbezogenen Daten von Ihnen. Personenbezogene Daten werden nur erhoben, wenn Sie uns diese selbst \u00fcber unser Kontaktformular mitteilen. Diese Daten werden ausschliesslich zur Bearbeitung Ihres Anliegens genutzt und nicht an unberechtigte Dritte weitergegeben.<\/p>\n\n\n\n<p>2. Verwendung von eigenen Cookies<\/p>\n\n\n\n<p>Beim Aufruf bestimmter Seiten wird ein so genanntes \u00abSession-Cookie\u00bb gesetzt. Hierbei handelt es sich um eine kleine Textdatei, die nach Ende der Browser-Sitzung automatisch wieder von Ihrem Computer gel\u00f6scht wird. Diese Datei dient ausschliesslich dazu, bestimmte Applikationen nutzen zu k\u00f6nnen. Sie k\u00f6nnen bei den meisten Webbrowsern die Einstellungen so \u00e4ndern, dass Ihr Browser neue Cookies nicht akzeptiert oder Sie k\u00f6nnen erhaltenen Cookies l\u00f6schen lassen. Wie dies konkret f\u00fcr Ihren Browser funktioniert, kann in der Regel \u00fcber dessen Hilfe-Funktion in Erfahrung gebracht werden.&nbsp;Durch eine entsprechende Einstellung in Ihrem Browser k\u00f6nnen Sie die Speicherung der Cookies verhindern oder wieder l\u00f6schen.<\/p>\n\n\n\n<p>3. Server-Log-Dateien<\/p>\n\n\n\n<p>Wie bei jeder Verbindung mit einem Webserver protokolliert und speichert der Server unseres Webhosting-Anbieters bestimmte technische Daten. Zu diesen Daten geh\u00f6ren die IP-Adresse und das Betriebssystem Ihres Ger\u00e4ts, die Daten, die Zugriffszeit, die Art des Browsers sowie die Browser-Anfrage inklusive der Herkunft der Anfrage (Referrer). Dies ist aus technischen Gr\u00fcnden erforderlich, um Ihnen unsere Website zur Verf\u00fcgung zu stellen. Der Webhosting-Anbieter sch\u00fctzt diese Daten mit technischen und organisatorischen Massnahmen vor unerlaubten Zugriffen und gibt sie nicht an Dritte weiter.<\/p>\n\n\n\n<p>4. Statistische Auswertungen<\/p>\n\n\n\n<p>Um unsere Webseite statistisch auswerten zu k\u00f6nnen, verwenden wir das Programm AWStats. Das Programm ist eine freie Webanalyse-Software. Sie wird zur Auswertung von Logdateien verwendet, die Webserver auf Basis von Besucheranfragen erstellen. Das Programm setzt f\u00fcr die Auswertung keine Cookie-Dateien ein. Die statistische Analyse erfolgt \u00fcber die Logfiles, die auch IP-Adressen enthalten. Diese Daten sind in der Regel nicht bestimmten Personen zuordenbar. Eine Zusammenf\u00fchrung dieser Daten mit anderen Datenquellen wird nicht vorgenommen, die Daten werden zudem nach einer statistischen Auswertung gel\u00f6scht. Im Gegensatz zu anderen Statistikprogrammen werden bei AWStats keine Daten an einen fremden Server \u00fcbermittelt. Das Programm ist auf dem eigenen Server installiert. So wird beispielsweise auch eine \u00dcbertragung von Daten ins Ausland vermieden, da unsere Server sich in der Schweiz (CH) befinden.<\/p>\n\n\n\n<p>5. Ihre Rechte<\/p>\n\n\n\n<p>Ihnen stehen grunds\u00e4tzlich die Rechte auf Auskunft, Berichtigung, L\u00f6schung, Einschr\u00e4nkung, Daten\u00fcbertragbarkeit, Widerruf und Widerspruch zu. Wenn Sie glauben, dass die Verarbeitung Ihrer Daten gegen das Datenschutzrecht verst\u00f6sst oder Ihre datenschutzrechtlichen Anspr\u00fcche sonst in einer Weise verletzt worden sind, k\u00f6nnen Sie sich beschweren.<\/p>\n\n\n\n<p>6. Copyright<\/p>\n\n\n\n<p>Durch das Herunterladen oder Kopieren von Inhalten, Bildern, Fotos, Videos oder anderen Dateien werden keinerlei Rechte bez\u00fcglich der Inhalte \u00fcbertragen. F\u00fcr die Reproduktion jeglicher Elemente, soweit sie nicht durch gesetzliche Bestimmungen ausdr\u00fccklich vom Schutz ausgenommen werden (wie z.B. Gesetzestexte) ist die schriftliche Zustimmung der Urheberrechtstr\u00e4ger im Voraus einzuholen.<\/p>\n","protected":false},"excerpt":{"rendered":"<p>Verantwortliche im Sinne der Datenschutzes (DSG) ist: Josef B\u00fcrgiGesch\u00e4ftsf\u00fchrerOberwilerstrasse 14, 8547 GachnangTel.&nbsp;&nbsp;052 366 55 03 info@alfamontreal.ch 1. Erhebung, Verarbeitung und Nutzung personenbezogener Daten Bei einem Besuch dieser Website erheben wir keine personenbezogenen Daten von Ihnen. Personenbezogene Daten werden nur erhoben, wenn Sie uns diese selbst \u00fcber unser Kontaktformular mitteilen. Diese Daten werden ausschliesslich zur Bearbeitung <a class=\"read-more\" href=\"https:\/\/alfamontreal.ch\/?page_id=325\">... weiterlesen <span class=\"meta-nav\">&rarr;<\/span><\/a><\/p>\n","protected":false},"author":1,"featured_media":0,"parent":2,"menu_order":0,"comment_status":"closed","ping_status":"closed","template":"","meta":{"footnotes":""},"class_list":["post-325","page","type-page","status-publish","hentry"],"_links":{"self":[{"href":"https:\/\/alfamontreal.ch\/index.php?rest_route=\/wp\/v2\/pages\/325","targetHints":{"allow":["GET"]}}],"collection":[{"href":"https:\/\/alfamontreal.ch\/index.php?rest_route=\/wp\/v2\/pages"}],"about":[{"href":"https:\/\/alfamontreal.ch\/index.php?rest_route=\/wp\/v2\/types\/page"}],"author":[{"embeddable":true,"href":"https:\/\/alfamontreal.ch\/index.php?rest_route=\/wp\/v2\/users\/1"}],"replies":[{"embeddable":true,"href":"https:\/\/alfamontreal.ch\/index.php?rest_route=%2Fwp%2Fv2%2Fcomments&post=325"}],"version-history":[{"count":3,"href":"https:\/\/alfamontreal.ch\/index.php?rest_route=\/wp\/v2\/pages\/325\/revisions"}],"predecessor-version":[{"id":328,"href":"https:\/\/alfamontreal.ch\/index.php?rest_route=\/wp\/v2\/pages\/325\/revisions\/328"}],"up":[{"embeddable":true,"href":"https:\/\/alfamontreal.ch\/index.php?rest_route=\/wp\/v2\/pages\/2"}],"wp:attachment":[{"href":"https:\/\/alfamontreal.ch\/index.php?rest_route=%2Fwp%2Fv2%2Fmedia&parent=325"}],"curies":[{"name":"wp","href":"https:\/\/api.w.org\/{rel}","templated":true}]}}