{"id":188,"date":"2014-01-25T00:50:21","date_gmt":"2014-01-25T00:50:21","guid":{"rendered":"http:\/\/alfamontreal.ch\/wp\/?page_id=188"},"modified":"2022-08-12T09:06:59","modified_gmt":"2022-08-12T09:06:59","slug":"uber-30-jahre-erfahrung","status":"publish","type":"page","link":"https:\/\/alfamontreal.ch\/","title":{"rendered":"\u00dcber 40 Jahre Erfahrung"},"content":{"rendered":"<p><a href=\"https:\/\/alfamontreal.ch\/wp\/wp-content\/uploads\/2022\/08\/IMG_7170-scaled.jpg\"><img loading=\"lazy\" decoding=\"async\" class=\"alignnone  wp-image-318\" src=\"https:\/\/alfamontreal.ch\/wp\/wp-content\/uploads\/2022\/08\/IMG_7170-300x200.jpg\" alt=\"\" width=\"415\" height=\"277\" srcset=\"https:\/\/alfamontreal.ch\/wp\/wp-content\/uploads\/2022\/08\/IMG_7170-300x200.jpg 300w, https:\/\/alfamontreal.ch\/wp\/wp-content\/uploads\/2022\/08\/IMG_7170-1024x682.jpg 1024w, https:\/\/alfamontreal.ch\/wp\/wp-content\/uploads\/2022\/08\/IMG_7170-768x512.jpg 768w, https:\/\/alfamontreal.ch\/wp\/wp-content\/uploads\/2022\/08\/IMG_7170-1536x1023.jpg 1536w, https:\/\/alfamontreal.ch\/wp\/wp-content\/uploads\/2022\/08\/IMG_7170-2048x1364.jpg 2048w, https:\/\/alfamontreal.ch\/wp\/wp-content\/uploads\/2022\/08\/IMG_7170-960x640.jpg 960w\" sizes=\"auto, (max-width: 415px) 100vw, 415px\" \/><\/a> <a href=\"https:\/\/alfamontreal.ch\/wp\/wp-content\/uploads\/2022\/08\/IMG_7038-bearbeitet.jpg\"><img loading=\"lazy\" decoding=\"async\" class=\"alignnone  wp-image-319\" src=\"https:\/\/alfamontreal.ch\/wp\/wp-content\/uploads\/2022\/08\/IMG_7038-bearbeitet-300x200.jpg\" alt=\"\" width=\"414\" height=\"276\" srcset=\"https:\/\/alfamontreal.ch\/wp\/wp-content\/uploads\/2022\/08\/IMG_7038-bearbeitet-300x200.jpg 300w, https:\/\/alfamontreal.ch\/wp\/wp-content\/uploads\/2022\/08\/IMG_7038-bearbeitet-1024x682.jpg 1024w, https:\/\/alfamontreal.ch\/wp\/wp-content\/uploads\/2022\/08\/IMG_7038-bearbeitet-768x512.jpg 768w, https:\/\/alfamontreal.ch\/wp\/wp-content\/uploads\/2022\/08\/IMG_7038-bearbeitet-960x640.jpg 960w, https:\/\/alfamontreal.ch\/wp\/wp-content\/uploads\/2022\/08\/IMG_7038-bearbeitet.jpg 1280w\" sizes=\"auto, (max-width: 414px) 100vw, 414px\" \/><\/a><\/p>\n<p>Willkommen bei B\u00fcrgi Automobile GmbH, ihrem Spezialisten f\u00fcr Alfa Montreal.\u00a0Vor \u00fcber 45 Jahren hat mich das Montreal-Virus gepackt und nicht mehr losgelassen.\u00a0Das Gute daran: Ich konnte mein Hobby mit meinem Beruf verbinden. Also widmete ich mich tags\u00fcber an meinen Kundenwagen, davon natr\u00fclich auch andere Modelle von Alfa, und abends an meinem geliebten Alfa Montreal.<\/p>\n<p>Ihr gebt mir bestimmt Recht wenn ich sage, dass die Erfahrung der beste Lehrmeister ist. Zwar genoss ich eine Extraschulung f\u00fcr Montreal in Mailand, aber perfektioniert habe ich meine Kenntnisse in unz\u00e4hligen Stunden am Auto selbst.<\/p>\n<p>Neben meinen eigenen Alfa Montreals, von welchen ich auch zwei totalrestauriert habe, habe ich in den \u00fcber 40 Jahren als Alfa-Spezialist auch viele in meiner Kundschaft reparieren d\u00fcrfen.<\/p>\n<p>Nach \u00fcber 40 Jahren als selbst\u00e4ndiger Garagist habe ich die Firma meinen S\u00f6hnen \u00fcbertragenum mich nur noch meinem grossen Hobby widmen zu k\u00f6nnen, n\u00e4mlich diese wunderbaren Fahrzeuge kosteng\u00fcnstig zu reparieren und wieder auf die Strasse zu bringen.<\/p>\n<p><a href=\"https:\/\/alfamontreal.ch\/wp\/wp-content\/uploads\/2014\/01\/ri_1.png\"><img loading=\"lazy\" decoding=\"async\" class=\"alignnone size-medium wp-image-218\" src=\"https:\/\/alfamontreal.ch\/wp\/wp-content\/uploads\/2014\/01\/ri_1-300x157.png\" alt=\"ri_1\" width=\"300\" height=\"157\" srcset=\"https:\/\/alfamontreal.ch\/wp\/wp-content\/uploads\/2014\/01\/ri_1-300x157.png 300w, https:\/\/alfamontreal.ch\/wp\/wp-content\/uploads\/2014\/01\/ri_1-1024x539.png 1024w, https:\/\/alfamontreal.ch\/wp\/wp-content\/uploads\/2014\/01\/ri_1-960x505.png 960w, https:\/\/alfamontreal.ch\/wp\/wp-content\/uploads\/2014\/01\/ri_1.png 1282w\" sizes=\"auto, (max-width: 300px) 100vw, 300px\" \/><\/a><\/p>\n<p><strong>Fast wie Original mit allen Faltbl\u00e4ttern.<\/strong><br \/>\n<strong>Eine sehr gute Qualit\u00e4t zum Preis von CHF 85.00<\/strong><\/p>\n","protected":false},"excerpt":{"rendered":"<p>Willkommen bei B\u00fcrgi Automobile GmbH, ihrem Spezialisten f\u00fcr Alfa Montreal.\u00a0Vor \u00fcber 45 Jahren hat mich das Montreal-Virus gepackt und nicht mehr losgelassen.\u00a0Das Gute daran: Ich konnte mein Hobby mit meinem Beruf verbinden. Also widmete ich mich tags\u00fcber an meinen Kundenwagen, davon natr\u00fclich auch andere Modelle von Alfa, und abends an meinem geliebten Alfa Montreal. Ihr <a class=\"read-more\" href=\"https:\/\/alfamontreal.ch\/\">... weiterlesen <span class=\"meta-nav\">&rarr;<\/span><\/a><\/p>\n","protected":false},"author":1,"featured_media":0,"parent":0,"menu_order":0,"comment_status":"closed","ping_status":"closed","template":"","meta":{"footnotes":""},"class_list":["post-188","page","type-page","status-publish","hentry"],"_links":{"self":[{"href":"https:\/\/alfamontreal.ch\/index.php?rest_route=\/wp\/v2\/pages\/188","targetHints":{"allow":["GET"]}}],"collection":[{"href":"https:\/\/alfamontreal.ch\/index.php?rest_route=\/wp\/v2\/pages"}],"about":[{"href":"https:\/\/alfamontreal.ch\/index.php?rest_route=\/wp\/v2\/types\/page"}],"author":[{"embeddable":true,"href":"https:\/\/alfamontreal.ch\/index.php?rest_route=\/wp\/v2\/users\/1"}],"replies":[{"embeddable":true,"href":"https:\/\/alfamontreal.ch\/index.php?rest_route=%2Fwp%2Fv2%2Fcomments&post=188"}],"version-history":[{"count":5,"href":"https:\/\/alfamontreal.ch\/index.php?rest_route=\/wp\/v2\/pages\/188\/revisions"}],"predecessor-version":[{"id":323,"href":"https:\/\/alfamontreal.ch\/index.php?rest_route=\/wp\/v2\/pages\/188\/revisions\/323"}],"wp:attachment":[{"href":"https:\/\/alfamontreal.ch\/index.php?rest_route=%2Fwp%2Fv2%2Fmedia&parent=188"}],"curies":[{"name":"wp","href":"https:\/\/api.w.org\/{rel}","templated":true}]}}