{"id":125,"date":"2014-01-22T15:48:48","date_gmt":"2014-01-22T15:48:48","guid":{"rendered":"http:\/\/alfamontreal.ch\/wp\/?page_id=125"},"modified":"2020-06-30T15:43:23","modified_gmt":"2020-06-30T15:43:23","slug":"einiger-meiner-spezialitaten","status":"publish","type":"page","link":"https:\/\/alfamontreal.ch\/?page_id=125","title":{"rendered":"Einiger meiner Spezialit\u00e4ten"},"content":{"rendered":"<p><img loading=\"lazy\" decoding=\"async\" class=\"alignnone size-medium wp-image-105\" src=\"https:\/\/alfamontreal.ch\/wp\/wp-content\/uploads\/2014\/01\/zahn-300x225.jpg\" alt=\"zahn\" width=\"300\" height=\"225\" srcset=\"https:\/\/alfamontreal.ch\/wp\/wp-content\/uploads\/2014\/01\/zahn-300x225.jpg 300w, https:\/\/alfamontreal.ch\/wp\/wp-content\/uploads\/2014\/01\/zahn-1024x768.jpg 1024w, https:\/\/alfamontreal.ch\/wp\/wp-content\/uploads\/2014\/01\/zahn-960x720.jpg 960w, https:\/\/alfamontreal.ch\/wp\/wp-content\/uploads\/2014\/01\/zahn.jpg 1204w\" sizes=\"auto, (max-width: 300px) 100vw, 300px\" \/><br \/>\nZahnrad und Lager ersetzen<br \/>\nFr. 220.00<\/p>\n<p><img loading=\"lazy\" decoding=\"async\" class=\"alignnone size-medium wp-image-95\" src=\"https:\/\/alfamontreal.ch\/wp\/wp-content\/uploads\/2014\/01\/hkz-300x225.jpg\" alt=\"hkz\" width=\"300\" height=\"225\" srcset=\"https:\/\/alfamontreal.ch\/wp\/wp-content\/uploads\/2014\/01\/hkz-300x225.jpg 300w, https:\/\/alfamontreal.ch\/wp\/wp-content\/uploads\/2014\/01\/hkz-1024x768.jpg 1024w, https:\/\/alfamontreal.ch\/wp\/wp-content\/uploads\/2014\/01\/hkz-960x720.jpg 960w, https:\/\/alfamontreal.ch\/wp\/wp-content\/uploads\/2014\/01\/hkz.jpg 1204w\" sizes=\"auto, (max-width: 300px) 100vw, 300px\" \/><br \/>\nReparatur HKT-Steuerger\u00e4t<br \/>\nFr. 300.00 bis 400.00<\/p>\n<p><img loading=\"lazy\" decoding=\"async\" class=\"alignnone size-medium wp-image-92\" src=\"https:\/\/alfamontreal.ch\/wp\/wp-content\/uploads\/2014\/01\/fern-300x225.jpg\" alt=\"fern\" width=\"300\" height=\"225\" srcset=\"https:\/\/alfamontreal.ch\/wp\/wp-content\/uploads\/2014\/01\/fern-300x225.jpg 300w, https:\/\/alfamontreal.ch\/wp\/wp-content\/uploads\/2014\/01\/fern-1024x768.jpg 1024w, https:\/\/alfamontreal.ch\/wp\/wp-content\/uploads\/2014\/01\/fern-960x720.jpg 960w, https:\/\/alfamontreal.ch\/wp\/wp-content\/uploads\/2014\/01\/fern.jpg 1204w\" sizes=\"auto, (max-width: 300px) 100vw, 300px\" \/><\/p>\n<p><img loading=\"lazy\" decoding=\"async\" class=\"alignnone size-medium wp-image-93\" src=\"https:\/\/alfamontreal.ch\/wp\/wp-content\/uploads\/2014\/01\/fern2-300x225.jpg\" alt=\"fern2\" width=\"300\" height=\"225\" srcset=\"https:\/\/alfamontreal.ch\/wp\/wp-content\/uploads\/2014\/01\/fern2-300x225.jpg 300w, https:\/\/alfamontreal.ch\/wp\/wp-content\/uploads\/2014\/01\/fern2-1024x768.jpg 1024w, https:\/\/alfamontreal.ch\/wp\/wp-content\/uploads\/2014\/01\/fern2-960x720.jpg 960w, https:\/\/alfamontreal.ch\/wp\/wp-content\/uploads\/2014\/01\/fern2.jpg 1204w\" sizes=\"auto, (max-width: 300px) 100vw, 300px\" \/><br \/>\nRevision Fernthermostat<br \/>\nBeinhaltet Kolbenstange ersetzen (aus rostfreiem, geh\u00e4rtetem Edelstahl) und Neubef\u00fcllung<br \/>\nFr. 370.00<\/p>\n<p><img loading=\"lazy\" decoding=\"async\" class=\"alignnone size-medium wp-image-91\" src=\"https:\/\/alfamontreal.ch\/wp\/wp-content\/uploads\/2014\/01\/ein-300x225.jpg\" alt=\"ein\" width=\"300\" height=\"225\" srcset=\"https:\/\/alfamontreal.ch\/wp\/wp-content\/uploads\/2014\/01\/ein-300x225.jpg 300w, https:\/\/alfamontreal.ch\/wp\/wp-content\/uploads\/2014\/01\/ein-1024x768.jpg 1024w, https:\/\/alfamontreal.ch\/wp\/wp-content\/uploads\/2014\/01\/ein-960x720.jpg 960w, https:\/\/alfamontreal.ch\/wp\/wp-content\/uploads\/2014\/01\/ein.jpg 1204w\" sizes=\"auto, (max-width: 300px) 100vw, 300px\" \/><br \/>\nEinspritzpumpe<\/p>\n<ul>\n<li>Reparaturen von Einspritzpumpen<\/li>\n<li>Synchronisieren und einstellen der Spica-Pumpe<\/li>\n<li>Benzinverlust beheben<\/li>\n<li>\u00d6lverlust beheben<\/li>\n<li>Schubabschaltung reparieren<\/li>\n<li>Kolben ersetzen<\/li>\n<li>Die Kolbensind aus geh\u00e4rtetem, rostfreien Edelstahl und auf aufbereitete Zylider passgenau bearbeitet. Die Bearbeitung erfolgte durch Philippe Aubry\/Chambelien<\/li>\n<li>Revision von D\u00fcsen und Einspritzkorrekturen<\/li>\n<\/ul>\n<p><img loading=\"lazy\" decoding=\"async\" class=\"alignnone size-medium wp-image-103\" src=\"https:\/\/alfamontreal.ch\/wp\/wp-content\/uploads\/2014\/01\/spica-300x225.jpg\" alt=\"spica\" width=\"300\" height=\"225\" srcset=\"https:\/\/alfamontreal.ch\/wp\/wp-content\/uploads\/2014\/01\/spica-300x225.jpg 300w, https:\/\/alfamontreal.ch\/wp\/wp-content\/uploads\/2014\/01\/spica-1024x768.jpg 1024w, https:\/\/alfamontreal.ch\/wp\/wp-content\/uploads\/2014\/01\/spica-960x720.jpg 960w, https:\/\/alfamontreal.ch\/wp\/wp-content\/uploads\/2014\/01\/spica.jpg 1204w\" sizes=\"auto, (max-width: 300px) 100vw, 300px\" \/><br \/>\nSpica zerlegt<\/p>\n<p><img loading=\"lazy\" decoding=\"async\" class=\"alignnone size-medium wp-image-102\" src=\"https:\/\/alfamontreal.ch\/wp\/wp-content\/uploads\/2014\/01\/pruef-300x225.jpg\" alt=\"pruef\" width=\"300\" height=\"225\" srcset=\"https:\/\/alfamontreal.ch\/wp\/wp-content\/uploads\/2014\/01\/pruef-300x225.jpg 300w, https:\/\/alfamontreal.ch\/wp\/wp-content\/uploads\/2014\/01\/pruef-1024x768.jpg 1024w, https:\/\/alfamontreal.ch\/wp\/wp-content\/uploads\/2014\/01\/pruef-960x720.jpg 960w, https:\/\/alfamontreal.ch\/wp\/wp-content\/uploads\/2014\/01\/pruef.jpg 1204w\" sizes=\"auto, (max-width: 300px) 100vw, 300px\" \/><br \/>\nPr\u00fcfanlage Spica<\/p>\n<p><img loading=\"lazy\" decoding=\"async\" class=\"alignnone size-medium wp-image-89\" src=\"https:\/\/alfamontreal.ch\/wp\/wp-content\/uploads\/2014\/01\/benz-300x225.jpg\" alt=\"benz\" width=\"300\" height=\"225\" srcset=\"https:\/\/alfamontreal.ch\/wp\/wp-content\/uploads\/2014\/01\/benz-300x225.jpg 300w, https:\/\/alfamontreal.ch\/wp\/wp-content\/uploads\/2014\/01\/benz-1024x768.jpg 1024w, https:\/\/alfamontreal.ch\/wp\/wp-content\/uploads\/2014\/01\/benz-960x720.jpg 960w, https:\/\/alfamontreal.ch\/wp\/wp-content\/uploads\/2014\/01\/benz.jpg 1204w\" sizes=\"auto, (max-width: 300px) 100vw, 300px\" \/><br \/>\nBenzinpumpe<br \/>\nAbdichten und Reparaturen von Benzinpumpen<\/p>\n<p><img loading=\"lazy\" decoding=\"async\" class=\"alignnone size-medium wp-image-107\" src=\"https:\/\/alfamontreal.ch\/wp\/wp-content\/uploads\/2014\/01\/zer-300x225.jpg\" alt=\"zer\" width=\"300\" height=\"225\" srcset=\"https:\/\/alfamontreal.ch\/wp\/wp-content\/uploads\/2014\/01\/zer-300x225.jpg 300w, https:\/\/alfamontreal.ch\/wp\/wp-content\/uploads\/2014\/01\/zer-1024x768.jpg 1024w, https:\/\/alfamontreal.ch\/wp\/wp-content\/uploads\/2014\/01\/zer-960x720.jpg 960w, https:\/\/alfamontreal.ch\/wp\/wp-content\/uploads\/2014\/01\/zer.jpg 1204w\" sizes=\"auto, (max-width: 300px) 100vw, 300px\" \/><br \/>\nzerlegte Benzinpumpe<\/p>\n<p><img loading=\"lazy\" decoding=\"async\" class=\"alignnone size-medium wp-image-101\" src=\"https:\/\/alfamontreal.ch\/wp\/wp-content\/uploads\/2014\/01\/nock-300x225.jpg\" alt=\"nock\" width=\"300\" height=\"225\" srcset=\"https:\/\/alfamontreal.ch\/wp\/wp-content\/uploads\/2014\/01\/nock-300x225.jpg 300w, https:\/\/alfamontreal.ch\/wp\/wp-content\/uploads\/2014\/01\/nock-1024x768.jpg 1024w, https:\/\/alfamontreal.ch\/wp\/wp-content\/uploads\/2014\/01\/nock-960x720.jpg 960w, https:\/\/alfamontreal.ch\/wp\/wp-content\/uploads\/2014\/01\/nock.jpg 1204w\" sizes=\"auto, (max-width: 300px) 100vw, 300px\" \/><br \/>\nNockenwelle<br \/>\nAufarbeitung von Nockenwellen<\/p>\n<p><img loading=\"lazy\" decoding=\"async\" class=\"alignnone size-medium wp-image-108\" src=\"https:\/\/alfamontreal.ch\/wp\/wp-content\/uploads\/2014\/01\/zuen-300x225.jpg\" alt=\"zuen\" width=\"300\" height=\"225\" srcset=\"https:\/\/alfamontreal.ch\/wp\/wp-content\/uploads\/2014\/01\/zuen-300x225.jpg 300w, https:\/\/alfamontreal.ch\/wp\/wp-content\/uploads\/2014\/01\/zuen-1024x768.jpg 1024w, https:\/\/alfamontreal.ch\/wp\/wp-content\/uploads\/2014\/01\/zuen-960x720.jpg 960w, https:\/\/alfamontreal.ch\/wp\/wp-content\/uploads\/2014\/01\/zuen.jpg 1204w\" sizes=\"auto, (max-width: 300px) 100vw, 300px\" \/><br \/>\nZ\u00fcndverteiler<br \/>\nInstandsetzung von Z\u00fcndverteiler<\/p>\n<p><img loading=\"lazy\" decoding=\"async\" class=\"alignnone size-medium wp-image-90\" src=\"https:\/\/alfamontreal.ch\/wp\/wp-content\/uploads\/2014\/01\/drossel-300x225.jpg\" alt=\"drossel\" width=\"300\" height=\"225\" srcset=\"https:\/\/alfamontreal.ch\/wp\/wp-content\/uploads\/2014\/01\/drossel-300x225.jpg 300w, https:\/\/alfamontreal.ch\/wp\/wp-content\/uploads\/2014\/01\/drossel-1024x768.jpg 1024w, https:\/\/alfamontreal.ch\/wp\/wp-content\/uploads\/2014\/01\/drossel-960x720.jpg 960w, https:\/\/alfamontreal.ch\/wp\/wp-content\/uploads\/2014\/01\/drossel.jpg 1204w\" sizes=\"auto, (max-width: 300px) 100vw, 300px\" \/><br \/>\nDrosselklappen<br \/>\nInstandsetzung von Drosselklappen<\/p>\n<p><img loading=\"lazy\" decoding=\"async\" class=\"alignnone size-medium wp-image-99\" src=\"https:\/\/alfamontreal.ch\/wp\/wp-content\/uploads\/2014\/01\/luefter-300x225.jpg\" alt=\"luefter\" width=\"300\" height=\"225\" srcset=\"https:\/\/alfamontreal.ch\/wp\/wp-content\/uploads\/2014\/01\/luefter-300x225.jpg 300w, https:\/\/alfamontreal.ch\/wp\/wp-content\/uploads\/2014\/01\/luefter-1024x768.jpg 1024w, https:\/\/alfamontreal.ch\/wp\/wp-content\/uploads\/2014\/01\/luefter-960x720.jpg 960w, https:\/\/alfamontreal.ch\/wp\/wp-content\/uploads\/2014\/01\/luefter.jpg 1204w\" sizes=\"auto, (max-width: 300px) 100vw, 300px\" \/><br \/>\nL\u00fcfter<br \/>\nL\u00fcfter umbauen<\/p>\n<p><img loading=\"lazy\" decoding=\"async\" class=\"alignnone size-medium wp-image-97\" src=\"https:\/\/alfamontreal.ch\/wp\/wp-content\/uploads\/2014\/01\/lenk-300x225.jpg\" alt=\"lenk\" width=\"300\" height=\"225\" srcset=\"https:\/\/alfamontreal.ch\/wp\/wp-content\/uploads\/2014\/01\/lenk-300x225.jpg 300w, https:\/\/alfamontreal.ch\/wp\/wp-content\/uploads\/2014\/01\/lenk-1024x768.jpg 1024w, https:\/\/alfamontreal.ch\/wp\/wp-content\/uploads\/2014\/01\/lenk-960x720.jpg 960w, https:\/\/alfamontreal.ch\/wp\/wp-content\/uploads\/2014\/01\/lenk.jpg 1204w\" sizes=\"auto, (max-width: 300px) 100vw, 300px\" \/><br \/>\nRevision von Lenkstock:<br \/>\nGeh\u00e4use verst\u00e4rken und Lenkung instandsetzen<\/p>\n<p><img loading=\"lazy\" decoding=\"async\" class=\"alignnone size-medium wp-image-98\" src=\"https:\/\/alfamontreal.ch\/wp\/wp-content\/uploads\/2014\/01\/lenk2-300x225.jpg\" alt=\"lenk2\" width=\"300\" height=\"225\" srcset=\"https:\/\/alfamontreal.ch\/wp\/wp-content\/uploads\/2014\/01\/lenk2-300x225.jpg 300w, https:\/\/alfamontreal.ch\/wp\/wp-content\/uploads\/2014\/01\/lenk2-1024x768.jpg 1024w, https:\/\/alfamontreal.ch\/wp\/wp-content\/uploads\/2014\/01\/lenk2-960x720.jpg 960w, https:\/\/alfamontreal.ch\/wp\/wp-content\/uploads\/2014\/01\/lenk2.jpg 1204w\" sizes=\"auto, (max-width: 300px) 100vw, 300px\" \/><br \/>\nLenkstock<\/p>\n<p><img loading=\"lazy\" decoding=\"async\" class=\"alignnone size-medium wp-image-100\" src=\"https:\/\/alfamontreal.ch\/wp\/wp-content\/uploads\/2014\/01\/mot-300x225.jpg\" alt=\"mot\" width=\"300\" height=\"225\" srcset=\"https:\/\/alfamontreal.ch\/wp\/wp-content\/uploads\/2014\/01\/mot-300x225.jpg 300w, https:\/\/alfamontreal.ch\/wp\/wp-content\/uploads\/2014\/01\/mot-1024x768.jpg 1024w, https:\/\/alfamontreal.ch\/wp\/wp-content\/uploads\/2014\/01\/mot-960x720.jpg 960w, https:\/\/alfamontreal.ch\/wp\/wp-content\/uploads\/2014\/01\/mot.jpg 1204w\" sizes=\"auto, (max-width: 300px) 100vw, 300px\" \/><br \/>\nMotorrevisionen<\/p>\n<p><img loading=\"lazy\" decoding=\"async\" class=\"alignnone  wp-image-104\" src=\"https:\/\/alfamontreal.ch\/wp\/wp-content\/uploads\/2014\/01\/teil-225x300.jpg\" alt=\"teil\" width=\"300\" height=\"114\" \/><br \/>\nBen\u00f6tigte Teile f\u00fcr Spica-Revision:<br \/>\nDiese Teile werden f\u00fcr die Spica-Revision ben\u00f6tigt.<\/p>\n<p><img loading=\"lazy\" decoding=\"async\" class=\"alignnone size-medium wp-image-94\" src=\"https:\/\/alfamontreal.ch\/wp\/wp-content\/uploads\/2014\/01\/gest-300x225.jpg\" alt=\"gest\" width=\"300\" height=\"225\" srcset=\"https:\/\/alfamontreal.ch\/wp\/wp-content\/uploads\/2014\/01\/gest-300x225.jpg 300w, https:\/\/alfamontreal.ch\/wp\/wp-content\/uploads\/2014\/01\/gest-1024x768.jpg 1024w, https:\/\/alfamontreal.ch\/wp\/wp-content\/uploads\/2014\/01\/gest-960x720.jpg 960w, https:\/\/alfamontreal.ch\/wp\/wp-content\/uploads\/2014\/01\/gest.jpg 1204w\" sizes=\"auto, (max-width: 300px) 100vw, 300px\" \/><br \/>\nGest\u00e4nge<\/p>\n<p><img loading=\"lazy\" decoding=\"async\" class=\"alignnone size-medium wp-image-96\" src=\"https:\/\/alfamontreal.ch\/wp\/wp-content\/uploads\/2014\/01\/last-300x225.jpg\" alt=\"last\" width=\"300\" height=\"225\" srcset=\"https:\/\/alfamontreal.ch\/wp\/wp-content\/uploads\/2014\/01\/last-300x225.jpg 300w, https:\/\/alfamontreal.ch\/wp\/wp-content\/uploads\/2014\/01\/last-1024x768.jpg 1024w, https:\/\/alfamontreal.ch\/wp\/wp-content\/uploads\/2014\/01\/last-960x720.jpg 960w, https:\/\/alfamontreal.ch\/wp\/wp-content\/uploads\/2014\/01\/last.jpg 1204w\" sizes=\"auto, (max-width: 300px) 100vw, 300px\" \/><br \/>\nGest\u00e4nge Einspritzanlage:<br \/>\nEinstellung des Gest\u00e4nges der Einspritzanlage<\/p>\n<p><a href=\"https:\/\/alfamontreal.ch\/wp\/wp-content\/uploads\/2014\/01\/20200115_112403.jpg\"><img loading=\"lazy\" decoding=\"async\" class=\"alignnone size-medium wp-image-238\" src=\"https:\/\/alfamontreal.ch\/wp\/wp-content\/uploads\/2014\/01\/20200115_112403-300x225.jpg\" alt=\"20200115_112403\" width=\"300\" height=\"225\" srcset=\"https:\/\/alfamontreal.ch\/wp\/wp-content\/uploads\/2014\/01\/20200115_112403-300x225.jpg 300w, https:\/\/alfamontreal.ch\/wp\/wp-content\/uploads\/2014\/01\/20200115_112403-1024x768.jpg 1024w, https:\/\/alfamontreal.ch\/wp\/wp-content\/uploads\/2014\/01\/20200115_112403-960x720.jpg 960w\" sizes=\"auto, (max-width: 300px) 100vw, 300px\" \/><\/a><a href=\"https:\/\/alfamontreal.ch\/wp\/wp-content\/uploads\/2014\/01\/20200115_112331.jpg\"><img loading=\"lazy\" decoding=\"async\" class=\"alignnone size-medium wp-image-237\" src=\"https:\/\/alfamontreal.ch\/wp\/wp-content\/uploads\/2014\/01\/20200115_112331-300x225.jpg\" alt=\"20200115_112331\" width=\"300\" height=\"225\" srcset=\"https:\/\/alfamontreal.ch\/wp\/wp-content\/uploads\/2014\/01\/20200115_112331-300x225.jpg 300w, https:\/\/alfamontreal.ch\/wp\/wp-content\/uploads\/2014\/01\/20200115_112331-1024x768.jpg 1024w, https:\/\/alfamontreal.ch\/wp\/wp-content\/uploads\/2014\/01\/20200115_112331-960x720.jpg 960w\" sizes=\"auto, (max-width: 300px) 100vw, 300px\" \/><\/a><\/p>\n<p>Revidierte Schwingungsd\u00e4mpfer im Austausch.<br \/>\nSchwingungsd\u00e4mpfer neu vulkanisiert und ausgewuchtet.<\/p>\n<figure id=\"attachment_243\" aria-describedby=\"caption-attachment-243\" style=\"width: 300px\" class=\"wp-caption alignnone\"><a href=\"https:\/\/alfamontreal.ch\/wp\/wp-content\/uploads\/2020\/06\/20200630_164952-scaled.jpg\"><img loading=\"lazy\" decoding=\"async\" class=\"size-medium wp-image-243\" src=\"https:\/\/alfamontreal.ch\/wp\/wp-content\/uploads\/2020\/06\/20200630_164952-300x225.jpg\" alt=\"Vorlegewelle\" width=\"300\" height=\"225\" srcset=\"https:\/\/alfamontreal.ch\/wp\/wp-content\/uploads\/2020\/06\/20200630_164952-300x225.jpg 300w, https:\/\/alfamontreal.ch\/wp\/wp-content\/uploads\/2020\/06\/20200630_164952-1024x768.jpg 1024w, https:\/\/alfamontreal.ch\/wp\/wp-content\/uploads\/2020\/06\/20200630_164952-768x576.jpg 768w, https:\/\/alfamontreal.ch\/wp\/wp-content\/uploads\/2020\/06\/20200630_164952-1536x1152.jpg 1536w, https:\/\/alfamontreal.ch\/wp\/wp-content\/uploads\/2020\/06\/20200630_164952-2048x1536.jpg 2048w, https:\/\/alfamontreal.ch\/wp\/wp-content\/uploads\/2020\/06\/20200630_164952-960x720.jpg 960w\" sizes=\"auto, (max-width: 300px) 100vw, 300px\" \/><\/a><figcaption id=\"caption-attachment-243\" class=\"wp-caption-text\">Vorlegewelle im Austausch<\/figcaption><\/figure>\n","protected":false},"excerpt":{"rendered":"<p>Zahnrad und Lager ersetzen Fr. 220.00 Reparatur HKT-Steuerger\u00e4t Fr. 300.00 bis 400.00 Revision Fernthermostat Beinhaltet Kolbenstange ersetzen (aus rostfreiem, geh\u00e4rtetem Edelstahl) und Neubef\u00fcllung Fr. 370.00 Einspritzpumpe Reparaturen von Einspritzpumpen Synchronisieren und einstellen der Spica-Pumpe Benzinverlust beheben \u00d6lverlust beheben Schubabschaltung reparieren Kolben ersetzen Die Kolbensind aus geh\u00e4rtetem, rostfreien Edelstahl und auf aufbereitete Zylider passgenau bearbeitet. Die <a class=\"read-more\" href=\"https:\/\/alfamontreal.ch\/?page_id=125\">... weiterlesen <span class=\"meta-nav\">&rarr;<\/span><\/a><\/p>\n","protected":false},"author":1,"featured_media":0,"parent":116,"menu_order":2,"comment_status":"closed","ping_status":"closed","template":"","meta":{"footnotes":""},"class_list":["post-125","page","type-page","status-publish","hentry"],"_links":{"self":[{"href":"https:\/\/alfamontreal.ch\/index.php?rest_route=\/wp\/v2\/pages\/125","targetHints":{"allow":["GET"]}}],"collection":[{"href":"https:\/\/alfamontreal.ch\/index.php?rest_route=\/wp\/v2\/pages"}],"about":[{"href":"https:\/\/alfamontreal.ch\/index.php?rest_route=\/wp\/v2\/types\/page"}],"author":[{"embeddable":true,"href":"https:\/\/alfamontreal.ch\/index.php?rest_route=\/wp\/v2\/users\/1"}],"replies":[{"embeddable":true,"href":"https:\/\/alfamontreal.ch\/index.php?rest_route=%2Fwp%2Fv2%2Fcomments&post=125"}],"version-history":[{"count":10,"href":"https:\/\/alfamontreal.ch\/index.php?rest_route=\/wp\/v2\/pages\/125\/revisions"}],"predecessor-version":[{"id":244,"href":"https:\/\/alfamontreal.ch\/index.php?rest_route=\/wp\/v2\/pages\/125\/revisions\/244"}],"up":[{"embeddable":true,"href":"https:\/\/alfamontreal.ch\/index.php?rest_route=\/wp\/v2\/pages\/116"}],"wp:attachment":[{"href":"https:\/\/alfamontreal.ch\/index.php?rest_route=%2Fwp%2Fv2%2Fmedia&parent=125"}],"curies":[{"name":"wp","href":"https:\/\/api.w.org\/{rel}","templated":true}]}}