{"id":122,"date":"2014-01-22T15:47:00","date_gmt":"2014-01-22T15:47:00","guid":{"rendered":"http:\/\/alfamontreal.ch\/wp\/?page_id=122"},"modified":"2022-03-08T09:29:31","modified_gmt":"2022-03-08T09:29:31","slug":"ersatzteile","status":"publish","type":"page","link":"https:\/\/alfamontreal.ch\/?page_id=122","title":{"rendered":"Ersatzteile"},"content":{"rendered":"<h6>Suchen Sie Ersatzteile f\u00fcr Ihren Montreal oder f\u00fcr einen anderen Alfa?<br \/>Wir haben noch einige Ersatzteile an Lager. Vielleicht ist auch was f\u00fcr Sie dabei?<br \/>Wenn nicht helfen wir Ihnen, Ihr Ersatzteil zu finden.<\/h6>\n<p><img loading=\"lazy\" decoding=\"async\" class=\"alignnone size-medium wp-image-16\" src=\"https:\/\/alfamontreal.ch\/wp\/wp-content\/uploads\/2014\/01\/motorteile-ersatzteile-300x231.jpg\" alt=\"motorteile-ersatzteile\" width=\"300\" height=\"231\" srcset=\"https:\/\/alfamontreal.ch\/wp\/wp-content\/uploads\/2014\/01\/motorteile-ersatzteile-300x231.jpg 300w, https:\/\/alfamontreal.ch\/wp\/wp-content\/uploads\/2014\/01\/motorteile-ersatzteile.jpg 440w\" sizes=\"auto, (max-width: 300px) 100vw, 300px\" \/><\/p>\n<p><span style=\"color: #757575;\"><span class=\"Apple-style-span\" style=\"border-collapse: collapse; font-size: 12px; line-height: 24px;\">\u00a0<\/span><\/span><\/p>\n<figure id=\"attachment_218\" aria-describedby=\"caption-attachment-218\" style=\"width: 300px\" class=\"wp-caption alignnone\"><a href=\"https:\/\/alfamontreal.ch\/wp\/wp-content\/uploads\/2014\/01\/ri_1.png\"><img loading=\"lazy\" decoding=\"async\" class=\"wp-image-218 size-medium\" src=\"https:\/\/alfamontreal.ch\/wp\/wp-content\/uploads\/2014\/01\/ri_1-300x157.png\" alt=\"Betriebsanleitung  Nachdruck mit Faltbl\u00e4ttern\" width=\"300\" height=\"157\" srcset=\"https:\/\/alfamontreal.ch\/wp\/wp-content\/uploads\/2014\/01\/ri_1-300x157.png 300w, https:\/\/alfamontreal.ch\/wp\/wp-content\/uploads\/2014\/01\/ri_1-1024x539.png 1024w, https:\/\/alfamontreal.ch\/wp\/wp-content\/uploads\/2014\/01\/ri_1-960x505.png 960w, https:\/\/alfamontreal.ch\/wp\/wp-content\/uploads\/2014\/01\/ri_1.png 1282w\" sizes=\"auto, (max-width: 300px) 100vw, 300px\" \/><\/a><figcaption id=\"caption-attachment-218\" class=\"wp-caption-text\"><strong>Betriebsanleitung CHF 80.00 exkl. MWST<\/strong><\/figcaption><\/figure>\n<h4><strong><span style=\"color: #757575;\"><span class=\"Apple-style-span\" style=\"border-collapse: collapse; font-size: 12px; line-height: 24px;\"><br \/><br \/>\u00a0<\/span><\/span><\/strong><a href=\"https:\/\/alfamontreal.ch\/wp\/wp-content\/uploads\/2021\/04\/Zentrierbuechse.jpg\"><img loading=\"lazy\" decoding=\"async\" class=\"alignnone size-medium wp-image-268\" src=\"https:\/\/alfamontreal.ch\/wp\/wp-content\/uploads\/2021\/04\/Zentrierbuechse-300x211.jpg\" alt=\"\" width=\"300\" height=\"211\" srcset=\"https:\/\/alfamontreal.ch\/wp\/wp-content\/uploads\/2021\/04\/Zentrierbuechse-300x211.jpg 300w, https:\/\/alfamontreal.ch\/wp\/wp-content\/uploads\/2021\/04\/Zentrierbuechse-768x539.jpg 768w, https:\/\/alfamontreal.ch\/wp\/wp-content\/uploads\/2021\/04\/Zentrierbuechse.jpg 953w\" sizes=\"auto, (max-width: 300px) 100vw, 300px\" \/><\/a><br \/><strong>Zentrierb\u00fcchse zu Getriebeausgang auf Kardanwelle, geh\u00e4rtete Stahlb\u00fcchse, geschliffen<\/strong><br \/><strong>CHF 105.00 exkl. MWST<\/strong><\/h4>\n<p>\u00a0<\/p>\n<figure id=\"attachment_209\" aria-describedby=\"caption-attachment-209\" style=\"width: 300px\" class=\"wp-caption alignnone\"><a href=\"https:\/\/alfamontreal.ch\/wp\/wp-content\/uploads\/2014\/01\/WP_20160223_14_08_39_Pro.jpg\"><img loading=\"lazy\" decoding=\"async\" class=\"size-medium wp-image-209\" src=\"https:\/\/alfamontreal.ch\/wp\/wp-content\/uploads\/2014\/01\/WP_20160223_14_08_39_Pro-300x168.jpg\" alt=\"Benzinpumpenpaket f\u00fcr nur CHF 650.00 Original-Benzinpumpen sind fast nicht mehr erh\u00e4ltlich. Deshalb bieten wir Ihnen dieses von uns zusammengestellte Benzinpumpenpaket an. Aus Erfahrung k\u00f6nnen wir Repicla-Benzinpumpen aus dem Handel nicht empfehlen.\" width=\"300\" height=\"168\" srcset=\"https:\/\/alfamontreal.ch\/wp\/wp-content\/uploads\/2014\/01\/WP_20160223_14_08_39_Pro-300x168.jpg 300w, https:\/\/alfamontreal.ch\/wp\/wp-content\/uploads\/2014\/01\/WP_20160223_14_08_39_Pro-1024x576.jpg 1024w, https:\/\/alfamontreal.ch\/wp\/wp-content\/uploads\/2014\/01\/WP_20160223_14_08_39_Pro-960x540.jpg 960w\" sizes=\"auto, (max-width: 300px) 100vw, 300px\" \/><\/a><figcaption id=\"caption-attachment-209\" class=\"wp-caption-text\"><strong>Benzinpumpenpaket f\u00fcr nur CHF 650.00 exkl. MWST<\/strong><br \/><strong>Original-Benzinpumpen sind fast nicht mehr erh\u00e4ltlich. Deshalb bieten wir Ihnen dieses von uns zusammengestellte Benzinpumpenpaket an. Aus Erfahrung k\u00f6nnen wir Repicla-Benzinpumpen aus dem Handel nicht empfehlen.<\/strong><\/figcaption><\/figure>\n<p><a href=\"https:\/\/alfamontreal.ch\/wp\/wp-content\/uploads\/2014\/01\/20200115_112403.jpg\"><img loading=\"lazy\" decoding=\"async\" class=\"alignnone size-medium wp-image-238\" src=\"https:\/\/alfamontreal.ch\/wp\/wp-content\/uploads\/2014\/01\/20200115_112403-300x225.jpg\" alt=\"20200115_112403\" width=\"300\" height=\"225\" srcset=\"https:\/\/alfamontreal.ch\/wp\/wp-content\/uploads\/2014\/01\/20200115_112403-300x225.jpg 300w, https:\/\/alfamontreal.ch\/wp\/wp-content\/uploads\/2014\/01\/20200115_112403-1024x768.jpg 1024w, https:\/\/alfamontreal.ch\/wp\/wp-content\/uploads\/2014\/01\/20200115_112403-960x720.jpg 960w\" sizes=\"auto, (max-width: 300px) 100vw, 300px\" \/><\/a><a href=\"https:\/\/alfamontreal.ch\/wp\/wp-content\/uploads\/2014\/01\/20200115_112331.jpg\"><img loading=\"lazy\" decoding=\"async\" class=\"alignnone size-medium wp-image-237\" src=\"https:\/\/alfamontreal.ch\/wp\/wp-content\/uploads\/2014\/01\/20200115_112331-300x225.jpg\" alt=\"20200115_112331\" width=\"300\" height=\"225\" srcset=\"https:\/\/alfamontreal.ch\/wp\/wp-content\/uploads\/2014\/01\/20200115_112331-300x225.jpg 300w, https:\/\/alfamontreal.ch\/wp\/wp-content\/uploads\/2014\/01\/20200115_112331-1024x768.jpg 1024w, https:\/\/alfamontreal.ch\/wp\/wp-content\/uploads\/2014\/01\/20200115_112331-960x720.jpg 960w\" sizes=\"auto, (max-width: 300px) 100vw, 300px\" \/><\/a><\/p>\n<h4><strong>Revidierter Schwingungsd\u00e4mpfer im Austausch f\u00fcr nur CHF 490.00 exkl. MWST<br \/>Schwingungsd\u00e4mpfer neu vulkanisiert und ausgewuchtet.<\/strong><\/h4>\n<p><a href=\"https:\/\/alfamontreal.ch\/wp\/wp-content\/uploads\/2020\/06\/20200630_164952-scaled.jpg\"><img loading=\"lazy\" decoding=\"async\" class=\"size-medium wp-image-243\" src=\"https:\/\/alfamontreal.ch\/wp\/wp-content\/uploads\/2020\/06\/20200630_164952-300x225.jpg\" alt=\"Vorlegewelle\" width=\"300\" height=\"225\" srcset=\"https:\/\/alfamontreal.ch\/wp\/wp-content\/uploads\/2020\/06\/20200630_164952-300x225.jpg 300w, https:\/\/alfamontreal.ch\/wp\/wp-content\/uploads\/2020\/06\/20200630_164952-1024x768.jpg 1024w, https:\/\/alfamontreal.ch\/wp\/wp-content\/uploads\/2020\/06\/20200630_164952-768x576.jpg 768w, https:\/\/alfamontreal.ch\/wp\/wp-content\/uploads\/2020\/06\/20200630_164952-1536x1152.jpg 1536w, https:\/\/alfamontreal.ch\/wp\/wp-content\/uploads\/2020\/06\/20200630_164952-2048x1536.jpg 2048w, https:\/\/alfamontreal.ch\/wp\/wp-content\/uploads\/2020\/06\/20200630_164952-960x720.jpg 960w\" sizes=\"auto, (max-width: 300px) 100vw, 300px\" \/><\/a><\/p>\n<h4><strong>Vorlegewelle im Austausch<\/strong><br \/><strong>CHF 260.00 exkl. MWST<\/strong><\/h4>\n<h4><a href=\"https:\/\/alfamontreal.ch\/wp\/wp-content\/uploads\/2021\/04\/Gummiring-zu-Kardanwelle.jpg\"><img loading=\"lazy\" decoding=\"async\" class=\"alignnone size-medium wp-image-269\" src=\"https:\/\/alfamontreal.ch\/wp\/wp-content\/uploads\/2021\/04\/Gummiring-zu-Kardanwelle-300x219.jpg\" alt=\"\" width=\"300\" height=\"219\" srcset=\"https:\/\/alfamontreal.ch\/wp\/wp-content\/uploads\/2021\/04\/Gummiring-zu-Kardanwelle-300x219.jpg 300w, https:\/\/alfamontreal.ch\/wp\/wp-content\/uploads\/2021\/04\/Gummiring-zu-Kardanwelle-768x561.jpg 768w, https:\/\/alfamontreal.ch\/wp\/wp-content\/uploads\/2021\/04\/Gummiring-zu-Kardanwelle.jpg 956w\" sizes=\"auto, (max-width: 300px) 100vw, 300px\" \/><\/a><br \/><strong>Gummiring zu Kardanwelle<\/strong><br \/><strong>CHF 9.50 exkl. MWST<\/strong><\/h4>\n<h4><a href=\"https:\/\/alfamontreal.ch\/wp\/wp-content\/uploads\/2021\/04\/Zentrierbuechse-zu-Kardanwelle.jpg\"><img loading=\"lazy\" decoding=\"async\" class=\"alignnone size-medium wp-image-270\" src=\"https:\/\/alfamontreal.ch\/wp\/wp-content\/uploads\/2021\/04\/Zentrierbuechse-zu-Kardanwelle-300x209.jpg\" alt=\"\" width=\"300\" height=\"209\" srcset=\"https:\/\/alfamontreal.ch\/wp\/wp-content\/uploads\/2021\/04\/Zentrierbuechse-zu-Kardanwelle-300x209.jpg 300w, https:\/\/alfamontreal.ch\/wp\/wp-content\/uploads\/2021\/04\/Zentrierbuechse-zu-Kardanwelle-768x535.jpg 768w, https:\/\/alfamontreal.ch\/wp\/wp-content\/uploads\/2021\/04\/Zentrierbuechse-zu-Kardanwelle.jpg 938w\" sizes=\"auto, (max-width: 300px) 100vw, 300px\" \/><\/a><br \/><strong>Zentrierb\u00fcchse zu Kardanwelle<\/strong><br \/><strong>CHF 114.95 exkl. MWST<\/strong><\/h4>\n<h6><a href=\"https:\/\/alfamontreal.ch\/wp\/wp-content\/uploads\/2021\/04\/Zentrierbuechse.jpg\"><img loading=\"lazy\" decoding=\"async\" class=\"alignnone size-medium wp-image-268\" src=\"https:\/\/alfamontreal.ch\/wp\/wp-content\/uploads\/2021\/04\/Zentrierbuechse-300x211.jpg\" alt=\"\" width=\"300\" height=\"211\" srcset=\"https:\/\/alfamontreal.ch\/wp\/wp-content\/uploads\/2021\/04\/Zentrierbuechse-300x211.jpg 300w, https:\/\/alfamontreal.ch\/wp\/wp-content\/uploads\/2021\/04\/Zentrierbuechse-768x539.jpg 768w, https:\/\/alfamontreal.ch\/wp\/wp-content\/uploads\/2021\/04\/Zentrierbuechse.jpg 953w\" sizes=\"auto, (max-width: 300px) 100vw, 300px\" \/><\/a><\/h6>\n<h4><strong>Zentrierpfanne zu Getriebeausgang auf Kardanwelle, einsatz-geh\u00e4rtete Stahlb\u00fcchse, geschliffen<\/strong><br \/><strong>CHF 105.00 exkl. MWST<\/strong><\/h4>\n\n\n<p><\/p>\n\n\n\n<figure class=\"wp-block-image size-large is-resized\"><a href=\"https:\/\/alfamontreal.ch\/wp\/wp-content\/uploads\/2022\/03\/20220308_101246-scaled.jpg\"><img loading=\"lazy\" decoding=\"async\" src=\"https:\/\/alfamontreal.ch\/wp\/wp-content\/uploads\/2022\/03\/20220308_101246-1024x768.jpg\" alt=\"\" class=\"wp-image-311\" width=\"462\" height=\"347\" srcset=\"https:\/\/alfamontreal.ch\/wp\/wp-content\/uploads\/2022\/03\/20220308_101246-1024x768.jpg 1024w, https:\/\/alfamontreal.ch\/wp\/wp-content\/uploads\/2022\/03\/20220308_101246-300x225.jpg 300w, https:\/\/alfamontreal.ch\/wp\/wp-content\/uploads\/2022\/03\/20220308_101246-768x576.jpg 768w, https:\/\/alfamontreal.ch\/wp\/wp-content\/uploads\/2022\/03\/20220308_101246-1536x1152.jpg 1536w, https:\/\/alfamontreal.ch\/wp\/wp-content\/uploads\/2022\/03\/20220308_101246-2048x1536.jpg 2048w, https:\/\/alfamontreal.ch\/wp\/wp-content\/uploads\/2022\/03\/20220308_101246-960x720.jpg 960w\" sizes=\"auto, (max-width: 462px) 100vw, 462px\" \/><\/a><figcaption><strong>T\u00fcrhalter im Austausch<\/strong> <br>Der T\u00fcrhalter wurde speziell f\u00fcr Alfa Montreal nachgebaut.<br>Preis im Austausch CHF 130.00 exkl. MWST<\/figcaption><\/figure>\n\n\n\n<p><\/p>\n\n\n\n<figure class=\"wp-block-gallery has-nested-images columns-default is-cropped wp-block-gallery-1 is-layout-flex wp-block-gallery-is-layout-flex\"><\/figure>\n\n\n\n<p><\/p>\n","protected":false},"excerpt":{"rendered":"<p>Suchen Sie Ersatzteile f\u00fcr Ihren Montreal oder f\u00fcr einen anderen Alfa?Wir haben noch einige Ersatzteile an Lager. Vielleicht ist auch was f\u00fcr Sie dabei?Wenn nicht helfen wir Ihnen, Ihr Ersatzteil zu finden. \u00a0 \u00a0Zentrierb\u00fcchse zu Getriebeausgang auf Kardanwelle, geh\u00e4rtete Stahlb\u00fcchse, geschliffenCHF 105.00 exkl. MWST \u00a0 Revidierter Schwingungsd\u00e4mpfer im Austausch f\u00fcr nur CHF 490.00 exkl. MWSTSchwingungsd\u00e4mpfer <a class=\"read-more\" href=\"https:\/\/alfamontreal.ch\/?page_id=122\">... weiterlesen <span class=\"meta-nav\">&rarr;<\/span><\/a><\/p>\n","protected":false},"author":1,"featured_media":0,"parent":0,"menu_order":4,"comment_status":"closed","ping_status":"closed","template":"","meta":{"footnotes":""},"class_list":["post-122","page","type-page","status-publish","hentry"],"_links":{"self":[{"href":"https:\/\/alfamontreal.ch\/index.php?rest_route=\/wp\/v2\/pages\/122","targetHints":{"allow":["GET"]}}],"collection":[{"href":"https:\/\/alfamontreal.ch\/index.php?rest_route=\/wp\/v2\/pages"}],"about":[{"href":"https:\/\/alfamontreal.ch\/index.php?rest_route=\/wp\/v2\/types\/page"}],"author":[{"embeddable":true,"href":"https:\/\/alfamontreal.ch\/index.php?rest_route=\/wp\/v2\/users\/1"}],"replies":[{"embeddable":true,"href":"https:\/\/alfamontreal.ch\/index.php?rest_route=%2Fwp%2Fv2%2Fcomments&post=122"}],"version-history":[{"count":28,"href":"https:\/\/alfamontreal.ch\/index.php?rest_route=\/wp\/v2\/pages\/122\/revisions"}],"predecessor-version":[{"id":315,"href":"https:\/\/alfamontreal.ch\/index.php?rest_route=\/wp\/v2\/pages\/122\/revisions\/315"}],"wp:attachment":[{"href":"https:\/\/alfamontreal.ch\/index.php?rest_route=%2Fwp%2Fv2%2Fmedia&parent=122"}],"curies":[{"name":"wp","href":"https:\/\/api.w.org\/{rel}","templated":true}]}}