{"id":116,"date":"2014-01-22T15:39:45","date_gmt":"2014-01-22T15:39:45","guid":{"rendered":"http:\/\/alfamontreal.ch\/wp\/?page_id=116"},"modified":"2014-01-25T00:33:58","modified_gmt":"2014-01-25T00:33:58","slug":"service","status":"publish","type":"page","link":"https:\/\/alfamontreal.ch\/?page_id=116","title":{"rendered":"Service"},"content":{"rendered":"<p>Auf den folgenden Seiten k\u00f6nnen Sie sich einen \u00dcberblick \u00fcber unser umfassendes Serviceangebot machen.<\/p>\n<p><img loading=\"lazy\" decoding=\"async\" alt=\"cropped-s2dsplash.jpg\" src=\"https:\/\/alfamontreal.ch\/wp\/wp-content\/uploads\/2014\/01\/cropped-s2dsplash-300x212.jpg\" width=\"600\" height=\"424\" \/><\/p>\n","protected":false},"excerpt":{"rendered":"<p>Auf den folgenden Seiten k\u00f6nnen Sie sich einen \u00dcberblick \u00fcber unser umfassendes Serviceangebot machen.<\/p>\n","protected":false},"author":1,"featured_media":0,"parent":0,"menu_order":3,"comment_status":"closed","ping_status":"closed","template":"","meta":{"footnotes":""},"class_list":["post-116","page","type-page","status-publish","hentry"],"_links":{"self":[{"href":"https:\/\/alfamontreal.ch\/index.php?rest_route=\/wp\/v2\/pages\/116","targetHints":{"allow":["GET"]}}],"collection":[{"href":"https:\/\/alfamontreal.ch\/index.php?rest_route=\/wp\/v2\/pages"}],"about":[{"href":"https:\/\/alfamontreal.ch\/index.php?rest_route=\/wp\/v2\/types\/page"}],"author":[{"embeddable":true,"href":"https:\/\/alfamontreal.ch\/index.php?rest_route=\/wp\/v2\/users\/1"}],"replies":[{"embeddable":true,"href":"https:\/\/alfamontreal.ch\/index.php?rest_route=%2Fwp%2Fv2%2Fcomments&post=116"}],"version-history":[{"count":2,"href":"https:\/\/alfamontreal.ch\/index.php?rest_route=\/wp\/v2\/pages\/116\/revisions"}],"predecessor-version":[{"id":177,"href":"https:\/\/alfamontreal.ch\/index.php?rest_route=\/wp\/v2\/pages\/116\/revisions\/177"}],"wp:attachment":[{"href":"https:\/\/alfamontreal.ch\/index.php?rest_route=%2Fwp%2Fv2%2Fmedia&parent=116"}],"curies":[{"name":"wp","href":"https:\/\/api.w.org\/{rel}","templated":true}]}}